{"id":599,"date":"2026-04-08T18:54:58","date_gmt":"2026-04-08T18:54:58","guid":{"rendered":"https:\/\/janireserviciosadministrativos.es\/?page_id=599"},"modified":"2026-04-08T19:46:34","modified_gmt":"2026-04-08T19:46:34","slug":"accesibilidad","status":"publish","type":"page","link":"https:\/\/janireserviciosadministrativos.es\/en\/accesibilidad\/","title":{"rendered":"Accessibility"},"content":{"rendered":"<p>En <a href=\"https:\/\/janireserviciosadministrativos.es\/en\/\">https:\/\/janireserviciosadministrativos.es\/<\/a> estamos comprometidos con la accesibilidad digital y trabajamos para que nuestro sitio web sea accesible para todas las personas, independientemente de sus capacidades o del contexto de uso.<\/p>\n\n\n\n<p>Nuestro objetivo es ofrecer una experiencia inclusiva que permita el acceso a la informaci\u00f3n y servicios de forma clara, sencilla y comprensible.<\/p>\n\n\n\n<h2 class=\"wp-block-heading\">Medidas adoptadas<\/h2>\n\n\n\n<p>Este sitio web ha sido desarrollado siguiendo buenas pr\u00e1cticas de accesibilidad y usabilidad, entre ellas:<\/p>\n\n\n\n<p>Uso de una estructura clara y jer\u00e1rquica de contenidos mediante encabezados.<br>Dise\u00f1o responsive adaptado a diferentes dispositivos y tama\u00f1os de pantalla.<br>Textos legibles con contraste adecuado entre fondo y contenido.<br>Navegaci\u00f3n sencilla e intuitiva.<br>Compatibilidad con los principales navegadores actuales.<\/p>\n\n\n\n<h2 class=\"wp-block-heading\">Est\u00e1ndares aplicados<\/h2>\n\n\n\n<p>Se han tenido en cuenta las recomendaciones de las Pautas de Accesibilidad para el Contenido Web (WCAG) en su nivel AA, promovidas por el World Wide Web Consortium (W3C).<\/p>\n\n\n\n<h2 class=\"wp-block-heading\">Limitaciones<\/h2>\n\n\n\n<p>A pesar de los esfuerzos realizados, es posible que algunos contenidos no cumplan completamente con todos los criterios de accesibilidad o que existan errores puntuales. Trabajamos continuamente para mejorar la experiencia y corregir posibles incidencias.<\/p>\n\n\n\n<h2 class=\"wp-block-heading\">Contacto<\/h2>\n\n\n\n<p>Si encuentras alguna dificultad de acceso o deseas realizar alguna sugerencia para mejorar la accesibilidad de este sitio web, puedes ponerte en contacto a trav\u00e9s de los medios disponibles en la p\u00e1gina de contacto.<\/p>\n\n\n\n<p>Tu opini\u00f3n es importante para seguir mejorando y ofrecer un sitio web m\u00e1s accesible para todos.<\/p>","protected":false},"excerpt":{"rendered":"<p>En https:\/\/janireserviciosadministrativos.es\/ estamos comprometidos con la accesibilidad digital y trabajamos para que nuestro sitio web sea accesible para todas las [&hellip;]<\/p>\n","protected":false},"author":1,"featured_media":0,"parent":0,"menu_order":0,"comment_status":"closed","ping_status":"closed","template":"","meta":{"_uag_custom_page_level_css":"","site-sidebar-layout":"default","site-content-layout":"","ast-site-content-layout":"default","site-content-style":"default","site-sidebar-style":"default","ast-global-header-display":"","ast-banner-title-visibility":"","ast-main-header-display":"","ast-hfb-above-header-display":"","ast-hfb-below-header-display":"","ast-hfb-mobile-header-display":"","site-post-title":"","ast-breadcrumbs-content":"","ast-featured-img":"","footer-sml-layout":"","ast-disable-related-posts":"","theme-transparent-header-meta":"","adv-header-id-meta":"","stick-header-meta":"","header-above-stick-meta":"","header-main-stick-meta":"","header-below-stick-meta":"","astra-migrate-meta-layouts":"default","ast-page-background-enabled":"default","ast-page-background-meta":{"desktop":{"background-color":"var(--ast-global-color-4)","background-image":"","background-repeat":"repeat","background-position":"center center","background-size":"auto","background-attachment":"scroll","background-type":"","background-media":"","overlay-type":"","overlay-color":"","overlay-opacity":"","overlay-gradient":""},"tablet":{"background-color":"","background-image":"","background-repeat":"repeat","background-position":"center center","background-size":"auto","background-attachment":"scroll","background-type":"","background-media":"","overlay-type":"","overlay-color":"","overlay-opacity":"","overlay-gradient":""},"mobile":{"background-color":"","background-image":"","background-repeat":"repeat","background-position":"center center","background-size":"auto","background-attachment":"scroll","background-type":"","background-media":"","overlay-type":"","overlay-color":"","overlay-opacity":"","overlay-gradient":""}},"ast-content-background-meta":{"desktop":{"background-color":"var(--ast-global-color-5)","background-image":"","background-repeat":"repeat","background-position":"center center","background-size":"auto","background-attachment":"scroll","background-type":"","background-media":"","overlay-type":"","overlay-color":"","overlay-opacity":"","overlay-gradient":""},"tablet":{"background-color":"var(--ast-global-color-5)","background-image":"","background-repeat":"repeat","background-position":"center center","background-size":"auto","background-attachment":"scroll","background-type":"","background-media":"","overlay-type":"","overlay-color":"","overlay-opacity":"","overlay-gradient":""},"mobile":{"background-color":"var(--ast-global-color-5)","background-image":"","background-repeat":"repeat","background-position":"center center","background-size":"auto","background-attachment":"scroll","background-type":"","background-media":"","overlay-type":"","overlay-color":"","overlay-opacity":"","overlay-gradient":""}},"footnotes":""},"class_list":["post-599","page","type-page","status-publish","hentry"],"uagb_featured_image_src":{"full":false,"thumbnail":false,"medium":false,"medium_large":false,"large":false,"1536x1536":false,"2048x2048":false,"trp-custom-language-flag":false},"uagb_author_info":{"display_name":"admin","author_link":"https:\/\/janireserviciosadministrativos.es\/en\/author\/admin\/"},"uagb_comment_info":0,"uagb_excerpt":"En https:\/\/janireserviciosadministrativos.es\/ estamos comprometidos con la accesibilidad digital y trabajamos para que nuestro sitio web sea accesible para todas las [&hellip;]","_links":{"self":[{"href":"https:\/\/janireserviciosadministrativos.es\/en\/wp-json\/wp\/v2\/pages\/599","targetHints":{"allow":["GET"]}}],"collection":[{"href":"https:\/\/janireserviciosadministrativos.es\/en\/wp-json\/wp\/v2\/pages"}],"about":[{"href":"https:\/\/janireserviciosadministrativos.es\/en\/wp-json\/wp\/v2\/types\/page"}],"author":[{"embeddable":true,"href":"https:\/\/janireserviciosadministrativos.es\/en\/wp-json\/wp\/v2\/users\/1"}],"replies":[{"embeddable":true,"href":"https:\/\/janireserviciosadministrativos.es\/en\/wp-json\/wp\/v2\/comments?post=599"}],"version-history":[{"count":3,"href":"https:\/\/janireserviciosadministrativos.es\/en\/wp-json\/wp\/v2\/pages\/599\/revisions"}],"predecessor-version":[{"id":602,"href":"https:\/\/janireserviciosadministrativos.es\/en\/wp-json\/wp\/v2\/pages\/599\/revisions\/602"}],"wp:attachment":[{"href":"https:\/\/janireserviciosadministrativos.es\/en\/wp-json\/wp\/v2\/media?parent=599"}],"curies":[{"name":"wp","href":"https:\/\/api.w.org\/{rel}","templated":true}]}}