{"id":299,"date":"2026-04-08T17:32:23","date_gmt":"2026-04-08T17:32:23","guid":{"rendered":"https:\/\/janireserviciosadministrativos.es\/services\/"},"modified":"2026-04-08T17:55:42","modified_gmt":"2026-04-08T17:55:42","slug":"servicios","status":"publish","type":"page","link":"https:\/\/janireserviciosadministrativos.es\/en\/servicios\/","title":{"rendered":"Services"},"content":{"rendered":"<div class=\"wp-block-uagb-container uagb-layout-grid uagb-block-bfe052b1 alignfull uagb-is-root-container\"><div class=\"uagb-container-inner-blocks-wrap\">\n<div class=\"wp-block-uagb-advanced-heading uagb-block-4de6aee5\"><div class=\"uagb-separator\"><\/div><h1 class=\"uagb-heading-text\">Soluciones Administrativas Personalizadas para Ti<\/h1><\/div>\n\n\n\n<div class=\"wp-block-uagb-image uagb-block-259aae54 wp-block-uagb-image--layout-default wp-block-uagb-image--effect-static wp-block-uagb-image--align-none\"><figure class=\"wp-block-uagb-image__figure\"><img decoding=\"async\" srcset=\"https:\/\/janireserviciosadministrativos.es\/wp-content\/uploads\/2026\/04\/pexels-photo-7876786.jpeg ,https:\/\/janireserviciosadministrativos.es\/wp-content\/uploads\/2026\/04\/pexels-photo-7876786.jpeg 780w, https:\/\/janireserviciosadministrativos.es\/wp-content\/uploads\/2026\/04\/pexels-photo-7876786.jpeg 360w\" sizes=\"auto, (max-width: 480px) 150px\" src=\"https:\/\/janireserviciosadministrativos.es\/wp-content\/uploads\/2026\/04\/pexels-photo-7876786.jpeg\" alt=\"Top view of colleagues working together with a laptop and documents in an office setting.\" class=\"uag-image-103\" width=\"396\" height=\"380\" title=\"services-img\" loading=\"lazy\" role=\"img\"\/><\/figure><\/div>\n<\/div><\/div>\n\n\n\n<div class=\"wp-block-uagb-container uagb-block-f02a1ac0 alignfull uagb-is-root-container\"><div class=\"uagb-container-inner-blocks-wrap\">\n<div class=\"wp-block-uagb-container uagb-layout-grid uagb-block-1f6539c9\">\n<div class=\"wp-block-uagb-image uagb-block-22bf66dd wp-block-uagb-image--layout-default wp-block-uagb-image--effect-static wp-block-uagb-image--align-none\"><figure class=\"wp-block-uagb-image__figure\"><img decoding=\"async\" srcset=\"https:\/\/janireserviciosadministrativos.es\/wp-content\/uploads\/2026\/04\/pexels-photo-8297033.jpeg ,https:\/\/janireserviciosadministrativos.es\/wp-content\/uploads\/2026\/04\/pexels-photo-8297033.jpeg 780w, https:\/\/janireserviciosadministrativos.es\/wp-content\/uploads\/2026\/04\/pexels-photo-8297033.jpeg 360w\" sizes=\"auto, (max-width: 480px) 150px\" src=\"https:\/\/janireserviciosadministrativos.es\/wp-content\/uploads\/2026\/04\/pexels-photo-8297033.jpeg\" alt=\"Woman in glasses intensely working at a desk with documents and a laptop.\" class=\"uag-image-104\" width=\"500\" height=\"340\" title=\"services-01\" loading=\"lazy\" role=\"img\"\/><\/figure><\/div>\n\n\n\n<div class=\"wp-block-uagb-advanced-heading uagb-block-7fc15760\"><h2 class=\"uagb-heading-text\">01.<\/h2><\/div>\n\n\n\n<div class=\"wp-block-uagb-advanced-heading uagb-block-d1bf4422\"><h3 class=\"uagb-heading-text\">Administrative Support<\/h3><p class=\"uagb-desc-text\">Ofrecemos un soporte administrativo integral que incluye desde la gesti\u00f3n de documentos hasta la coordinaci\u00f3n de agendas. Nuestro objetivo es que puedas dedicar tu tiempo a lo que realmente importa, mientras nosotros manejamos las tareas cotidianas.<\/br><\/p><\/div>\n<\/div>\n\n\n\n<div class=\"wp-block-uagb-container uagb-layout-grid uagb-block-4e23bf70\">\n<div class=\"wp-block-uagb-image uagb-block-5975b480 wp-block-uagb-image--layout-default wp-block-uagb-image--effect-static wp-block-uagb-image--align-none\"><figure class=\"wp-block-uagb-image__figure\"><img decoding=\"async\" srcset=\"https:\/\/janireserviciosadministrativos.es\/wp-content\/uploads\/2026\/04\/pexels-photo-8296970.jpeg ,https:\/\/janireserviciosadministrativos.es\/wp-content\/uploads\/2026\/04\/pexels-photo-8296970.jpeg 780w, https:\/\/janireserviciosadministrativos.es\/wp-content\/uploads\/2026\/04\/pexels-photo-8296970.jpeg 360w\" sizes=\"auto, (max-width: 480px) 150px\" src=\"https:\/\/janireserviciosadministrativos.es\/wp-content\/uploads\/2026\/04\/pexels-photo-8296970.jpeg\" alt=\"Accountant analyzing financial documents with a calculator on a desk, highlighting business tasks.\" class=\"uag-image-105\" width=\"500\" height=\"340\" title=\"services-02\" loading=\"lazy\" role=\"img\"\/><\/figure><\/div>\n\n\n\n<div class=\"wp-block-uagb-advanced-heading uagb-block-42b1afc3\"><h2 class=\"uagb-heading-text\">02.<\/h2><\/div>\n\n\n\n<div class=\"wp-block-uagb-advanced-heading uagb-block-2b5b97c7\"><h3 class=\"uagb-heading-text\">Customer Service<\/h3><p class=\"uagb-desc-text\">Proporcionamos atenci\u00f3n al cliente eficiente y amable, con un enfoque en resolver dudas y ofrecer informaci\u00f3n clara. Nuestro servicio garantiza que tus clientes se sientan valorados y atendidos, ayudando a mejorar la satisfacci\u00f3n y fidelizaci\u00f3n.<\/br><\/p><\/div>\n<\/div>\n\n\n\n<div class=\"wp-block-uagb-container uagb-layout-grid uagb-block-75fb60e4\">\n<div class=\"wp-block-uagb-image uagb-block-dec8dc2a wp-block-uagb-image--layout-default wp-block-uagb-image--effect-static wp-block-uagb-image--align-none\"><figure class=\"wp-block-uagb-image__figure\"><img decoding=\"async\" srcset=\"https:\/\/janireserviciosadministrativos.es\/wp-content\/uploads\/2026\/04\/pexels-photo-12902904.jpeg ,https:\/\/janireserviciosadministrativos.es\/wp-content\/uploads\/2026\/04\/pexels-photo-12902904.jpeg 780w, https:\/\/janireserviciosadministrativos.es\/wp-content\/uploads\/2026\/04\/pexels-photo-12902904.jpeg 360w\" sizes=\"auto, (max-width: 480px) 150px\" src=\"https:\/\/janireserviciosadministrativos.es\/wp-content\/uploads\/2026\/04\/pexels-photo-12902904.jpeg\" alt=\"Close-up of professionals discussing documents in an office meeting setting.\" class=\"uag-image-106\" width=\"500\" height=\"340\" title=\"services-03\" loading=\"lazy\" role=\"img\"\/><\/figure><\/div>\n\n\n\n<div class=\"wp-block-uagb-advanced-heading uagb-block-e6ec07d4\"><h2 class=\"uagb-heading-text\">03.<\/h2><\/div>\n\n\n\n<div class=\"wp-block-uagb-advanced-heading uagb-block-99c873e0\"><h3 class=\"uagb-heading-text\">Billing Management<\/h3><p class=\"uagb-desc-text\">Nos encargamos de la elaboraci\u00f3n y seguimiento de facturas para que no pierdas tiempo en tareas contables. Nuestro servicio asegura una gesti\u00f3n ordenada y puntual, permiti\u00e9ndote mantener tus finanzas en orden sin complicaciones.<\/br><\/p><\/div>\n<\/div>\n\n\n\n<div class=\"wp-block-uagb-container uagb-layout-grid uagb-block-69a1e017\">\n<div class=\"wp-block-uagb-image uagb-block-55e41bb4 wp-block-uagb-image--layout-default wp-block-uagb-image--effect-static wp-block-uagb-image--align-none\"><figure class=\"wp-block-uagb-image__figure\"><img decoding=\"async\" srcset=\"https:\/\/janireserviciosadministrativos.es\/wp-content\/uploads\/2026\/04\/pexels-photo-7654450.jpeg ,https:\/\/janireserviciosadministrativos.es\/wp-content\/uploads\/2026\/04\/pexels-photo-7654450.jpeg 780w, https:\/\/janireserviciosadministrativos.es\/wp-content\/uploads\/2026\/04\/pexels-photo-7654450.jpeg 360w\" sizes=\"auto, (max-width: 480px) 150px\" src=\"https:\/\/janireserviciosadministrativos.es\/wp-content\/uploads\/2026\/04\/pexels-photo-7654450.jpeg\" alt=\"A professional woman reviewing documents at her office desk with a laptop and files.\" class=\"uag-image-107\" width=\"500\" height=\"340\" title=\"services-04\" loading=\"lazy\" role=\"img\"\/><\/figure><\/div>\n\n\n\n<div class=\"wp-block-uagb-advanced-heading uagb-block-2d94a4af\"><h2 class=\"uagb-heading-text\">04.<\/h2><\/div>\n\n\n\n<div class=\"wp-block-uagb-advanced-heading uagb-block-0224262a\"><h3 class=\"uagb-heading-text\">Organizaci\u00f3n de Eventos<\/h3><p class=\"uagb-desc-text\">Planificamos y organizamos eventos profesionales a medida. Desde reuniones hasta conferencias, nos aseguramos de que cada detalle est\u00e9 cuidado, para que t\u00fa solo te preocupes por asistir y disfrutar del evento.<\/br><\/p><\/div>\n<\/div>\n\n\n\n<div class=\"wp-block-uagb-advanced-heading uagb-block-847f0174\"><div class=\"uagb-separator\"><\/div><h2 class=\"uagb-heading-text\">Nuestro Proceso de Trabajo Eficiente<\/h2><\/div>\n<\/div><\/div>\n\n\n\n<div class=\"wp-block-uagb-container uagb-layout-grid uagb-block-cd2486f8 alignfull uagb-is-root-container\"><div class=\"uagb-container-inner-blocks-wrap\">\n<div class=\"wp-block-uagb-container uagb-block-680c0089\">\n<div class=\"wp-block-uagb-advanced-heading uagb-block-2c1fc22f\"><p class=\"uagb-heading-text\">Consulta Inicial<\/p><p class=\"uagb-desc-text\">Realizamos una consulta inicial para entender tus necesidades y objetivos espec\u00edficos, personalizando nuestro enfoque para ti.<\/p><\/div>\n<\/div>\n\n\n\n<div class=\"wp-block-uagb-container uagb-block-f6244a01\">\n<div class=\"wp-block-uagb-advanced-heading uagb-block-3e2e789f\"><p class=\"uagb-heading-text\">Planificaci\u00f3n Estrat\u00e9gica<\/p><p class=\"uagb-desc-text\">Creamos un plan detallado que define la ejecuci\u00f3n de las tareas y plazos. Esto asegura que todos estemos alineados hacia el mismo objetivo.<\/p><\/div>\n<\/div>\n\n\n\n<div class=\"wp-block-uagb-container uagb-block-0815f89c\">\n<div class=\"wp-block-uagb-advanced-heading uagb-block-4fdc0b6f\"><p class=\"uagb-heading-text\">Ejecuci\u00f3n de Tareas<\/p><p class=\"uagb-desc-text\">Comenzamos a llevar a cabo las tareas acordadas, manteniendo una comunicaci\u00f3n constante para asegurar que todo se realice conforme a tus expectativas.<\/p><\/div>\n<\/div>\n\n\n\n<div class=\"wp-block-uagb-container uagb-block-77ffa57b\">\n<div class=\"wp-block-uagb-advanced-heading uagb-block-3b941aaf\"><p class=\"uagb-heading-text\">Revisi\u00f3n y Retroalimentaci\u00f3n<\/p><p class=\"uagb-desc-text\">Evaluamos los resultados y solicitamos tu retroalimentaci\u00f3n. Esto nos permite ajustar y mejorar continuamente nuestros servicios para ti.<\/p><\/div>\n<\/div>\n<\/div><\/div>","protected":false},"excerpt":{"rendered":"<p>Soluciones Administrativas Personalizadas para Ti 01. Soporte Administrativo Ofrecemos un soporte administrativo integral que incluye desde la gesti\u00f3n de documentos [&hellip;]<\/p>\n","protected":false},"author":1,"featured_media":0,"parent":0,"menu_order":0,"comment_status":"closed","ping_status":"closed","template":"","meta":{"_uag_custom_page_level_css":"","site-sidebar-layout":"default","site-content-layout":"","ast-site-content-layout":"default","site-content-style":"default","site-sidebar-style":"default","ast-global-header-display":"","ast-banner-title-visibility":"","ast-main-header-display":"","ast-hfb-above-header-display":"","ast-hfb-below-header-display":"","ast-hfb-mobile-header-display":"","site-post-title":"disabled","ast-breadcrumbs-content":"","ast-featured-img":"","footer-sml-layout":"","ast-disable-related-posts":"","theme-transparent-header-meta":"","adv-header-id-meta":"","stick-header-meta":"","header-above-stick-meta":"","header-main-stick-meta":"","header-below-stick-meta":"","astra-migrate-meta-layouts":"default","ast-page-background-enabled":"default","ast-page-background-meta":{"desktop":{"background-color":"var(--ast-global-color-4)","background-image":"","background-repeat":"repeat","background-position":"center center","background-size":"auto","background-attachment":"scroll","background-type":"","background-media":"","overlay-type":"","overlay-color":"","overlay-opacity":"","overlay-gradient":""},"tablet":{"background-color":"","background-image":"","background-repeat":"repeat","background-position":"center center","background-size":"auto","background-attachment":"scroll","background-type":"","background-media":"","overlay-type":"","overlay-color":"","overlay-opacity":"","overlay-gradient":""},"mobile":{"background-color":"","background-image":"","background-repeat":"repeat","background-position":"center center","background-size":"auto","background-attachment":"scroll","background-type":"","background-media":"","overlay-type":"","overlay-color":"","overlay-opacity":"","overlay-gradient":""}},"ast-content-background-meta":{"desktop":{"background-color":"var(--ast-global-color-5)","background-image":"","background-repeat":"repeat","background-position":"center center","background-size":"auto","background-attachment":"scroll","background-type":"","background-media":"","overlay-type":"","overlay-color":"","overlay-opacity":"","overlay-gradient":""},"tablet":{"background-color":"var(--ast-global-color-5)","background-image":"","background-repeat":"repeat","background-position":"center center","background-size":"auto","background-attachment":"scroll","background-type":"","background-media":"","overlay-type":"","overlay-color":"","overlay-opacity":"","overlay-gradient":""},"mobile":{"background-color":"var(--ast-global-color-5)","background-image":"","background-repeat":"repeat","background-position":"center center","background-size":"auto","background-attachment":"scroll","background-type":"","background-media":"","overlay-type":"","overlay-color":"","overlay-opacity":"","overlay-gradient":""}},"footnotes":""},"class_list":["post-299","page","type-page","status-publish","hentry"],"uagb_featured_image_src":{"full":false,"thumbnail":false,"medium":false,"medium_large":false,"large":false,"1536x1536":false,"2048x2048":false,"trp-custom-language-flag":false},"uagb_author_info":{"display_name":"admin","author_link":"https:\/\/janireserviciosadministrativos.es\/en\/author\/admin\/"},"uagb_comment_info":0,"uagb_excerpt":"Soluciones Administrativas Personalizadas para Ti 01. Soporte Administrativo Ofrecemos un soporte administrativo integral que incluye desde la gesti\u00f3n de documentos [&hellip;]","_links":{"self":[{"href":"https:\/\/janireserviciosadministrativos.es\/en\/wp-json\/wp\/v2\/pages\/299","targetHints":{"allow":["GET"]}}],"collection":[{"href":"https:\/\/janireserviciosadministrativos.es\/en\/wp-json\/wp\/v2\/pages"}],"about":[{"href":"https:\/\/janireserviciosadministrativos.es\/en\/wp-json\/wp\/v2\/types\/page"}],"author":[{"embeddable":true,"href":"https:\/\/janireserviciosadministrativos.es\/en\/wp-json\/wp\/v2\/users\/1"}],"replies":[{"embeddable":true,"href":"https:\/\/janireserviciosadministrativos.es\/en\/wp-json\/wp\/v2\/comments?post=299"}],"version-history":[{"count":4,"href":"https:\/\/janireserviciosadministrativos.es\/en\/wp-json\/wp\/v2\/pages\/299\/revisions"}],"predecessor-version":[{"id":564,"href":"https:\/\/janireserviciosadministrativos.es\/en\/wp-json\/wp\/v2\/pages\/299\/revisions\/564"}],"wp:attachment":[{"href":"https:\/\/janireserviciosadministrativos.es\/en\/wp-json\/wp\/v2\/media?parent=299"}],"curies":[{"name":"wp","href":"https:\/\/api.w.org\/{rel}","templated":true}]}}