{"id":298,"date":"2026-04-08T17:32:03","date_gmt":"2026-04-08T17:32:03","guid":{"rendered":"https:\/\/janireserviciosadministrativos.es\/about\/"},"modified":"2026-04-08T18:22:47","modified_gmt":"2026-04-08T18:22:47","slug":"acerca-de","status":"publish","type":"page","link":"https:\/\/janireserviciosadministrativos.es\/en\/acerca-de\/","title":{"rendered":"About"},"content":{"rendered":"<div class=\"wp-block-uagb-container uagb-layout-grid uagb-block-bfe052b1 alignfull uagb-is-root-container\"><div class=\"uagb-container-inner-blocks-wrap\">\n<div class=\"wp-block-uagb-advanced-heading uagb-block-4de6aee5\"><div class=\"uagb-separator\"><\/div><h1 class=\"uagb-heading-text\">Conoce a Janire Servicios Administrativos<\/h1><\/div>\n\n\n\n<div class=\"wp-block-uagb-image uagb-block-259aae54 wp-block-uagb-image--layout-default wp-block-uagb-image--effect-static wp-block-uagb-image--align-none\"><figure class=\"wp-block-uagb-image__figure\"><img decoding=\"async\" srcset=\"https:\/\/janireserviciosadministrativos.es\/wp-content\/uploads\/2026\/04\/pexels-photo-6889784.jpeg ,https:\/\/janireserviciosadministrativos.es\/wp-content\/uploads\/2026\/04\/pexels-photo-6889784.jpeg 780w, https:\/\/janireserviciosadministrativos.es\/wp-content\/uploads\/2026\/04\/pexels-photo-6889784.jpeg 360w\" sizes=\"auto, (max-width: 480px) 150px\" src=\"https:\/\/janireserviciosadministrativos.es\/wp-content\/uploads\/2026\/04\/pexels-photo-6889784.jpeg\" alt=\"Close-up of professionals collaborating, taking notes on a clipboard.\" class=\"uag-image-88\" width=\"396\" height=\"380\" title=\"about-img\" loading=\"lazy\" role=\"img\"\/><\/figure><\/div>\n<\/div><\/div>\n\n\n\n<div class=\"wp-block-uagb-container uagb-block-b6c01382 alignfull uagb-is-root-container\"><div class=\"uagb-container-inner-blocks-wrap\">\n<div class=\"wp-block-uagb-image uagb-block-ee911b6e wp-block-uagb-image--layout-default wp-block-uagb-image--effect-static wp-block-uagb-image--align-none\"><figure class=\"wp-block-uagb-image__figure\"><img decoding=\"async\" srcset=\"https:\/\/janireserviciosadministrativos.es\/wp-content\/uploads\/2026\/04\/pexels-photo-8867381.jpeg ,https:\/\/janireserviciosadministrativos.es\/wp-content\/uploads\/2026\/04\/pexels-photo-8867381.jpeg 780w, https:\/\/janireserviciosadministrativos.es\/wp-content\/uploads\/2026\/04\/pexels-photo-8867381.jpeg 360w\" sizes=\"auto, (max-width: 480px) 150px\" src=\"https:\/\/janireserviciosadministrativos.es\/wp-content\/uploads\/2026\/04\/pexels-photo-8867381.jpeg\" alt=\"A diverse group of call center agents in an office joining hands in a teamwork gesture, smiling and wearing headsets.\" class=\"uag-image-89\" width=\"1200\" height=\"450\" title=\"our-experience\" loading=\"lazy\" role=\"img\"\/><\/figure><\/div>\n\n\n\n<div class=\"wp-block-uagb-container uagb-block-3ac84b20\">\n<div class=\"wp-block-uagb-container uag-blocks-common-selector uagb-block-0bc34e4a\">\n<div class=\"wp-block-uagb-advanced-heading uagb-block-7752a12a\"><div class=\"uagb-separator\"><\/div><h2 class=\"uagb-heading-text\">Acerca de nuestra empresa<\/h2><\/div>\n\n\n\n<div class=\"wp-block-uagb-image uagb-block-d2071441 wp-block-uagb-image--layout-default wp-block-uagb-image--effect-static wp-block-uagb-image--align-none\"><figure class=\"wp-block-uagb-image__figure\"><img decoding=\"async\" srcset=\"https:\/\/janireserviciosadministrativos.es\/wp-content\/uploads\/2026\/04\/pexels-photo-7580758.jpeg ,https:\/\/janireserviciosadministrativos.es\/wp-content\/uploads\/2026\/04\/pexels-photo-7580758.jpeg 780w, https:\/\/janireserviciosadministrativos.es\/wp-content\/uploads\/2026\/04\/pexels-photo-7580758.jpeg 360w\" sizes=\"auto, (max-width: 480px) 150px\" src=\"https:\/\/janireserviciosadministrativos.es\/wp-content\/uploads\/2026\/04\/pexels-photo-7580758.jpeg\" alt=\"A neatly arranged office desk with a calculator, phone, stapler, tape, and notepad.\" class=\"uag-image-90\" width=\"560\" height=\"400\" title=\"about-02\" loading=\"lazy\" role=\"img\"\/><\/figure><\/div>\n<\/div>\n\n\n\n<div class=\"wp-block-uagb-advanced-heading uagb-block-90bd4abb\"><h3 class=\"uagb-heading-text\">Janire Servicios Administrativos ofrece soporte administrativo y asistencia virtual especializada para empresas y profesionales.<\/h3><p class=\"uagb-desc-text\">Con m\u00e1s de 15 a\u00f1os de experiencia en roles administrativos, hemos ayudado a nuestros clientes a optimizar procesos, ahorrar tiempo y mejorar la productividad. Nuestros servicios a medida garantizan que cada cliente reciba la atenci\u00f3n necesaria para crecer y alcanzar sus objetivos.<\/p><\/div>\n<\/div>\n<\/div><\/div>\n\n\n\n<div class=\"wp-block-uagb-container uagb-block-b7e83894 alignfull uagb-is-root-container\"><div class=\"uagb-container-inner-blocks-wrap\">\n<div class=\"wp-block-uagb-advanced-heading uagb-block-1fe48051\"><div class=\"uagb-separator\"><\/div><h2 class=\"uagb-heading-text\">Who are we<\/h2><p class=\"uagb-desc-text\">Nos enorgullece brindar resultados eficientes y organizados para nuestros clientes. Cada proyecto es manejado con atenci\u00f3n al detalle para maximizar el impacto positivo.<\/p><\/div>\n\n\n<div class=\"wp-block-uagb-faq uagb-faq__outer-wrap uagb-block-20e9f1df uagb-faq-icon-row-reverse uagb-faq-layout-accordion uagb-faq-expand-first-true uagb-faq-inactive-other-true uagb-faq__wrap uagb-buttons-layout-wrap uagb-faq-equal-height\" data-faqtoggle=\"true\" role=\"tablist\"><div class=\"wp-block-uagb-faq-child uagb-faq-child__outer-wrap uagb-faq-item uagb-block-e85bdb9d\" role=\"tab\" tabindex=\"0\"><div class=\"uagb-faq-questions-button uagb-faq-questions\">\t\t\t<span class=\"uagb-icon uagb-faq-icon-wrap\">\n\t\t\t\t\t\t\t\t<svg xmlns=\"https:\/\/www.w3.org\/2000\/svg\" viewbox= \"0 0 448 512\"><path d=\"M416 352c-8.188 0-16.38-3.125-22.62-9.375L224 173.3l-169.4 169.4c-12.5 12.5-32.75 12.5-45.25 0s-12.5-32.75 0-45.25l192-192c12.5-12.5 32.75-12.5 45.25 0l192 192c12.5 12.5 12.5 32.75 0 45.25C432.4 348.9 424.2 352 416 352z\"><\/path><\/svg>\n\t\t\t\t\t\t\t<\/span>\n\t\t\t\t\t\t<span class=\"uagb-icon-active uagb-faq-icon-wrap\">\n\t\t\t\t\t\t\t\t<svg xmlns=\"https:\/\/www.w3.org\/2000\/svg\" viewbox= \"0 0 448 512\"><path d=\"M224 416c-8.188 0-16.38-3.125-22.62-9.375l-192-192c-12.5-12.5-12.5-32.75 0-45.25s32.75-12.5 45.25 0L224 338.8l169.4-169.4c12.5-12.5 32.75-12.5 45.25 0s12.5 32.75 0 45.25l-192 192C240.4 412.9 232.2 416 224 416z\"><\/path><\/svg>\n\t\t\t\t\t\t\t<\/span>\n\t\t\t<span class=\"uagb-question\">Nuestra misi\u00f3n clara y sencilla<\/span><\/div><div class=\"uagb-faq-content\"><p>Simplificar la carga de trabajo de nuestros clientes para que puedan concentrarse en el crecimiento de su negocio, mientras nosotros gestionamos las tareas administrativas.<\/p><\/div><\/div><div class=\"wp-block-uagb-faq-child uagb-faq-child__outer-wrap uagb-faq-item uagb-block-c1da3ed7\" role=\"tab\" tabindex=\"0\"><div class=\"uagb-faq-questions-button uagb-faq-questions\">\t\t\t<span class=\"uagb-icon uagb-faq-icon-wrap\">\n\t\t\t\t\t\t\t\t<svg xmlns=\"https:\/\/www.w3.org\/2000\/svg\" viewbox= \"0 0 448 512\"><path d=\"M416 352c-8.188 0-16.38-3.125-22.62-9.375L224 173.3l-169.4 169.4c-12.5 12.5-32.75 12.5-45.25 0s-12.5-32.75 0-45.25l192-192c12.5-12.5 32.75-12.5 45.25 0l192 192c12.5 12.5 12.5 32.75 0 45.25C432.4 348.9 424.2 352 416 352z\"><\/path><\/svg>\n\t\t\t\t\t\t\t<\/span>\n\t\t\t\t\t\t<span class=\"uagb-icon-active uagb-faq-icon-wrap\">\n\t\t\t\t\t\t\t\t<svg xmlns=\"https:\/\/www.w3.org\/2000\/svg\" viewbox= \"0 0 448 512\"><path d=\"M224 416c-8.188 0-16.38-3.125-22.62-9.375l-192-192c-12.5-12.5-12.5-32.75 0-45.25s32.75-12.5 45.25 0L224 338.8l169.4-169.4c12.5-12.5 32.75-12.5 45.25 0s12.5 32.75 0 45.25l-192 192C240.4 412.9 232.2 416 224 416z\"><\/path><\/svg>\n\t\t\t\t\t\t\t<\/span>\n\t\t\t<span class=\"uagb-question\">Nuestra visi\u00f3n para el futuro<\/span><\/div><div class=\"uagb-faq-content\"><p>Ser la opci\u00f3n preferida para servicios de asistencia virtual, reconocida por nuestra eficacia, confiabilidad y compromiso con el \u00e9xito de nuestros clientes.<\/p><\/div><\/div><div class=\"wp-block-uagb-faq-child uagb-faq-child__outer-wrap uagb-faq-item uagb-block-7b419e9c\" role=\"tab\" tabindex=\"0\"><div class=\"uagb-faq-questions-button uagb-faq-questions\">\t\t\t<span class=\"uagb-icon uagb-faq-icon-wrap\">\n\t\t\t\t\t\t\t\t<svg xmlns=\"https:\/\/www.w3.org\/2000\/svg\" viewbox= \"0 0 448 512\"><path d=\"M416 352c-8.188 0-16.38-3.125-22.62-9.375L224 173.3l-169.4 169.4c-12.5 12.5-32.75 12.5-45.25 0s-12.5-32.75 0-45.25l192-192c12.5-12.5 32.75-12.5 45.25 0l192 192c12.5 12.5 12.5 32.75 0 45.25C432.4 348.9 424.2 352 416 352z\"><\/path><\/svg>\n\t\t\t\t\t\t\t<\/span>\n\t\t\t\t\t\t<span class=\"uagb-icon-active uagb-faq-icon-wrap\">\n\t\t\t\t\t\t\t\t<svg xmlns=\"https:\/\/www.w3.org\/2000\/svg\" viewbox= \"0 0 448 512\"><path d=\"M224 416c-8.188 0-16.38-3.125-22.62-9.375l-192-192c-12.5-12.5-12.5-32.75 0-45.25s32.75-12.5 45.25 0L224 338.8l169.4-169.4c12.5-12.5 32.75-12.5 45.25 0s12.5 32.75 0 45.25l-192 192C240.4 412.9 232.2 416 224 416z\"><\/path><\/svg>\n\t\t\t\t\t\t\t<\/span>\n\t\t\t<span class=\"uagb-question\">Nuestros valores esenciales<\/span><\/div><div class=\"uagb-faq-content\"><p>Compromiso con la eficiencia, la organizaci\u00f3n y la atenci\u00f3n al detalle, garantizando siempre la satisfacci\u00f3n del cliente a trav\u00e9s de un servicio profesional y confiable.<\/p><\/div><\/div><div class=\"wp-block-uagb-faq-child uagb-faq-child__outer-wrap uagb-faq-item uagb-block-fa45c94f\" role=\"tab\" tabindex=\"0\"><div class=\"uagb-faq-questions-button uagb-faq-questions\">\t\t\t<span class=\"uagb-icon uagb-faq-icon-wrap\">\n\t\t\t\t\t\t\t\t<svg xmlns=\"https:\/\/www.w3.org\/2000\/svg\" viewbox= \"0 0 448 512\"><path d=\"M416 352c-8.188 0-16.38-3.125-22.62-9.375L224 173.3l-169.4 169.4c-12.5 12.5-32.75 12.5-45.25 0s-12.5-32.75 0-45.25l192-192c12.5-12.5 32.75-12.5 45.25 0l192 192c12.5 12.5 12.5 32.75 0 45.25C432.4 348.9 424.2 352 416 352z\"><\/path><\/svg>\n\t\t\t\t\t\t\t<\/span>\n\t\t\t\t\t\t<span class=\"uagb-icon-active uagb-faq-icon-wrap\">\n\t\t\t\t\t\t\t\t<svg xmlns=\"https:\/\/www.w3.org\/2000\/svg\" viewbox= \"0 0 448 512\"><path d=\"M224 416c-8.188 0-16.38-3.125-22.62-9.375l-192-192c-12.5-12.5-12.5-32.75 0-45.25s32.75-12.5 45.25 0L224 338.8l169.4-169.4c12.5-12.5 32.75-12.5 45.25 0s12.5 32.75 0 45.25l-192 192C240.4 412.9 232.2 416 224 416z\"><\/path><\/svg>\n\t\t\t\t\t\t\t<\/span>\n\t\t\t<span class=\"uagb-question\">Premios y reconocimientos<\/span><\/div><div class=\"uagb-faq-content\"><p>Reconocidos por nuestra excelencia en servicios administrativos y virtuales, destacando la satisfacci\u00f3n del cliente y la mejora continua.<\/p><\/div><\/div><\/div><\/div><\/div>\n\n\n\n<div class=\"wp-block-uagb-container uagb-block-71d5d729 alignfull uagb-is-root-container\"><div class=\"uagb-container-inner-blocks-wrap\">\n<div class=\"wp-block-uagb-advanced-heading uagb-block-c0ed63b6\"><div class=\"uagb-separator\"><\/div><h2 class=\"uagb-heading-text\">Nuestra historia en el sector<\/h2><p class=\"uagb-desc-text\">Fundada hace m\u00e1s de 6 a\u00f1os, Janire Servicios Administrativos ha crecido de un proyecto individual a una empresa pr\u00f3spera que responde a las necesidades administrativas de m\u00faltiples clientes.<\/p><\/div>\n\n\n\n<div class=\"wp-block-uagb-image uagb-block-3b882c31 wp-block-uagb-image--layout-default wp-block-uagb-image--effect-static wp-block-uagb-image--align-none\"><figure class=\"wp-block-uagb-image__figure\"><img decoding=\"async\" srcset=\"https:\/\/janireserviciosadministrativos.es\/wp-content\/uploads\/2026\/04\/pexels-photo-7054757.jpeg ,https:\/\/janireserviciosadministrativos.es\/wp-content\/uploads\/2026\/04\/pexels-photo-7054757.jpeg 780w, https:\/\/janireserviciosadministrativos.es\/wp-content\/uploads\/2026\/04\/pexels-photo-7054757.jpeg 360w\" sizes=\"auto, (max-width: 480px) 150px\" src=\"https:\/\/janireserviciosadministrativos.es\/wp-content\/uploads\/2026\/04\/pexels-photo-7054757.jpeg\" alt=\"Close-up of a stack of office papers on a desk with glasses, emphasizing organization.\" class=\"uag-image-92\" width=\"360\" height=\"460\" title=\"ours-journey\" loading=\"lazy\" role=\"img\"\/><\/figure><\/div>\n\n\n\n<div class=\"wp-block-uagb-advanced-heading uagb-block-441d128f\"><h3 class=\"uagb-heading-text\">De asistente virtual a l\u00edder en servicios administrativos<\/h3><p class=\"uagb-desc-text\">Desde sus inicios, la empresa ha evolucionado mediante la implementaci\u00f3n de tecnolog\u00edas avanzadas y la formaci\u00f3n continua, lo que ha permitido ofrecer un servicio excepcional que ha transformado la operativa de nuestros clientes.<\/p><\/div>\n<\/div><\/div>","protected":false},"excerpt":{"rendered":"<p>Conoce a Janire Servicios Administrativos Acerca de nuestra empresa Janire Servicios Administrativos ofrece soporte administrativo y asistencia virtual especializada para [&hellip;]<\/p>\n","protected":false},"author":1,"featured_media":0,"parent":0,"menu_order":0,"comment_status":"closed","ping_status":"closed","template":"","meta":{"_uag_custom_page_level_css":"","site-sidebar-layout":"default","site-content-layout":"","ast-site-content-layout":"default","site-content-style":"default","site-sidebar-style":"default","ast-global-header-display":"","ast-banner-title-visibility":"","ast-main-header-display":"","ast-hfb-above-header-display":"","ast-hfb-below-header-display":"","ast-hfb-mobile-header-display":"","site-post-title":"disabled","ast-breadcrumbs-content":"","ast-featured-img":"","footer-sml-layout":"","ast-disable-related-posts":"","theme-transparent-header-meta":"","adv-header-id-meta":"","stick-header-meta":"","header-above-stick-meta":"","header-main-stick-meta":"","header-below-stick-meta":"","astra-migrate-meta-layouts":"default","ast-page-background-enabled":"default","ast-page-background-meta":{"desktop":{"background-color":"var(--ast-global-color-4)","background-image":"","background-repeat":"repeat","background-position":"center center","background-size":"auto","background-attachment":"scroll","background-type":"","background-media":"","overlay-type":"","overlay-color":"","overlay-opacity":"","overlay-gradient":""},"tablet":{"background-color":"","background-image":"","background-repeat":"repeat","background-position":"center center","background-size":"auto","background-attachment":"scroll","background-type":"","background-media":"","overlay-type":"","overlay-color":"","overlay-opacity":"","overlay-gradient":""},"mobile":{"background-color":"","background-image":"","background-repeat":"repeat","background-position":"center center","background-size":"auto","background-attachment":"scroll","background-type":"","background-media":"","overlay-type":"","overlay-color":"","overlay-opacity":"","overlay-gradient":""}},"ast-content-background-meta":{"desktop":{"background-color":"var(--ast-global-color-5)","background-image":"","background-repeat":"repeat","background-position":"center center","background-size":"auto","background-attachment":"scroll","background-type":"","background-media":"","overlay-type":"","overlay-color":"","overlay-opacity":"","overlay-gradient":""},"tablet":{"background-color":"var(--ast-global-color-5)","background-image":"","background-repeat":"repeat","background-position":"center center","background-size":"auto","background-attachment":"scroll","background-type":"","background-media":"","overlay-type":"","overlay-color":"","overlay-opacity":"","overlay-gradient":""},"mobile":{"background-color":"var(--ast-global-color-5)","background-image":"","background-repeat":"repeat","background-position":"center center","background-size":"auto","background-attachment":"scroll","background-type":"","background-media":"","overlay-type":"","overlay-color":"","overlay-opacity":"","overlay-gradient":""}},"footnotes":""},"class_list":["post-298","page","type-page","status-publish","hentry"],"uagb_featured_image_src":{"full":false,"thumbnail":false,"medium":false,"medium_large":false,"large":false,"1536x1536":false,"2048x2048":false,"trp-custom-language-flag":false},"uagb_author_info":{"display_name":"admin","author_link":"https:\/\/janireserviciosadministrativos.es\/en\/author\/admin\/"},"uagb_comment_info":0,"uagb_excerpt":"Conoce a Janire Servicios Administrativos Acerca de nuestra empresa Janire Servicios Administrativos ofrece soporte administrativo y asistencia virtual especializada para [&hellip;]","_links":{"self":[{"href":"https:\/\/janireserviciosadministrativos.es\/en\/wp-json\/wp\/v2\/pages\/298","targetHints":{"allow":["GET"]}}],"collection":[{"href":"https:\/\/janireserviciosadministrativos.es\/en\/wp-json\/wp\/v2\/pages"}],"about":[{"href":"https:\/\/janireserviciosadministrativos.es\/en\/wp-json\/wp\/v2\/types\/page"}],"author":[{"embeddable":true,"href":"https:\/\/janireserviciosadministrativos.es\/en\/wp-json\/wp\/v2\/users\/1"}],"replies":[{"embeddable":true,"href":"https:\/\/janireserviciosadministrativos.es\/en\/wp-json\/wp\/v2\/comments?post=298"}],"version-history":[{"count":5,"href":"https:\/\/janireserviciosadministrativos.es\/en\/wp-json\/wp\/v2\/pages\/298\/revisions"}],"predecessor-version":[{"id":577,"href":"https:\/\/janireserviciosadministrativos.es\/en\/wp-json\/wp\/v2\/pages\/298\/revisions\/577"}],"wp:attachment":[{"href":"https:\/\/janireserviciosadministrativos.es\/en\/wp-json\/wp\/v2\/media?parent=298"}],"curies":[{"name":"wp","href":"https:\/\/api.w.org\/{rel}","templated":true}]}}