{"id":296,"date":"2026-04-08T17:32:03","date_gmt":"2026-04-08T17:32:03","guid":{"rendered":"https:\/\/janireserviciosadministrativos.es\/home\/"},"modified":"2026-04-08T22:58:46","modified_gmt":"2026-04-08T22:58:46","slug":"inicio","status":"publish","type":"page","link":"https:\/\/janireserviciosadministrativos.es\/en\/","title":{"rendered":"Home"},"content":{"rendered":"<div class=\"wp-block-uagb-container uagb-block-e9f89e50 alignfull uagb-is-root-container\"><div class=\"uagb-container-inner-blocks-wrap\">\n<div class=\"wp-block-uagb-advanced-heading uagb-block-4de6aee5\"><div class=\"uagb-separator\"><\/div><h1 class=\"uagb-heading-text\">Optimize your time with virtual assistance<\/h1><\/div>\n\n\n\n<div class=\"wp-block-uagb-container uag-blocks-common-selector uagb-layout-grid uagb-block-083e68ed\">\n<div class=\"wp-block-uagb-info-box uagb-block-b9ecca73 uagb-infobox__content-wrap  uagb-infobox-icon-above-title uagb-infobox-image-valign-top\"><div class=\"uagb-ifb-content\"><div class=\"uagb-ifb-title-wrap\"><\/div><p class=\"uagb-ifb-desc\">Professional administrative solutions so you can focus on growing your business. We effectively simplify your workload.<\/p><div class=\"uagb-ifb-button-wrapper wp-block-button\"><a href=\"\/en\/contacto\/\" class=\"uagb-infobox-cta-link wp-block-button__link\" target=\"_self\" rel=\"noopener noreferrer\" onclick=\"return true;\"><span class=\"uagb-inline-editing\">Contact us at<\/span><\/a><\/div><\/div><\/div>\n\n\n\n<div class=\"wp-block-uagb-image uagb-block-7f3d2ac8 wp-block-uagb-image--layout-default wp-block-uagb-image--effect-static wp-block-uagb-image--align-none\"><figure class=\"wp-block-uagb-image__figure\"><img decoding=\"async\" srcset=\"https:\/\/janireserviciosadministrativos.es\/wp-content\/uploads\/2026\/04\/pexels-photo-6889784.jpeg ,https:\/\/janireserviciosadministrativos.es\/wp-content\/uploads\/2026\/04\/pexels-photo-6889784.jpeg 780w, https:\/\/janireserviciosadministrativos.es\/wp-content\/uploads\/2026\/04\/pexels-photo-6889784.jpeg 360w\" sizes=\"auto, (max-width: 480px) 150px\" src=\"https:\/\/janireserviciosadministrativos.es\/wp-content\/uploads\/2026\/04\/pexels-photo-6889784.jpeg\" alt=\"Close-up of professionals collaborating, taking notes on a clipboard.\" class=\"uag-image-88\" width=\"360\" height=\"420\" title=\"hero-img-01\" loading=\"lazy\" role=\"img\"\/><\/figure><\/div>\n\n\n\n<div class=\"wp-block-uagb-image uagb-block-93a5382e wp-block-uagb-image--layout-default wp-block-uagb-image--effect-static wp-block-uagb-image--align-none\"><figure class=\"wp-block-uagb-image__figure\"><img decoding=\"async\" srcset=\"https:\/\/janireserviciosadministrativos.es\/wp-content\/uploads\/2026\/04\/pexels-photo-8867381.jpeg ,https:\/\/janireserviciosadministrativos.es\/wp-content\/uploads\/2026\/04\/pexels-photo-8867381.jpeg 780w, https:\/\/janireserviciosadministrativos.es\/wp-content\/uploads\/2026\/04\/pexels-photo-8867381.jpeg 360w\" sizes=\"auto, (max-width: 480px) 150px\" src=\"https:\/\/janireserviciosadministrativos.es\/wp-content\/uploads\/2026\/04\/pexels-photo-8867381.jpeg\" alt=\"A diverse group of call center agents in an office joining hands in a teamwork gesture, smiling and wearing headsets.\" class=\"uag-image-89\" width=\"468\" height=\"420\" title=\"hero-img-02\" loading=\"lazy\" role=\"img\"\/><\/figure><\/div>\n<\/div>\n<\/div><\/div>\n\n\n\n<div class=\"wp-block-uagb-container uagb-layout-grid uagb-block-c194462d alignfull uagb-is-root-container\"><div class=\"uagb-container-inner-blocks-wrap\">\n<div class=\"wp-block-uagb-container uagb-layout-grid uagb-block-40e34b66\">\n<div class=\"wp-block-uagb-counter uagb-block-118f4694 wp-block-uagb-counter--number\"><div class=\"wp-block-uagb-counter__number\"><span class=\"uagb-counter-block-number\" data-duration=\"1.5\" data-to-value=\"20\" data-from-value=\"0\" data-delimiter=\",\"><\/span><span class=\"uagb-counter-block-suffix\">+<\/span><\/div><div class=\"wp-block-uagb-counter__title\">Years of Experience<\/div><\/div>\n\n\n\n<div class=\"wp-block-uagb-counter uagb-block-93613ff0 wp-block-uagb-counter--number\"><div class=\"wp-block-uagb-counter__number\"><span class=\"uagb-counter-block-number\" data-duration=\"1.5\" data-to-value=\"350\" data-from-value=\"0\" data-delimiter=\",\"><\/span><span class=\"uagb-counter-block-suffix\">+<\/span><\/div><div class=\"wp-block-uagb-counter__title\">Satisfied Customers<\/div><\/div>\n\n\n\n<div class=\"wp-block-uagb-counter uagb-block-2cde7c70 wp-block-uagb-counter--number\"><div class=\"wp-block-uagb-counter__number\"><span class=\"uagb-counter-block-number\" data-duration=\"1.5\" data-to-value=\"98\" data-from-value=\"0\" data-delimiter=\",\"><\/span><span class=\"uagb-counter-block-suffix\">%<\/span><\/div><div class=\"wp-block-uagb-counter__title\">Satisfaction Guaranteed<\/div><\/div>\n<\/div>\n\n\n\n<div class=\"wp-block-uagb-advanced-heading uagb-block-90bd4abb\"><p class=\"uagb-desc-text\">Learn more about our mission and vision.<\/p><\/div>\n<\/div><\/div>\n\n\n\n<div class=\"wp-block-uagb-container uagb-layout-grid uagb-block-b7d94873 alignfull uagb-is-root-container\"><div class=\"uagb-container-inner-blocks-wrap\">\n<div class=\"wp-block-uagb-image uagb-block-8fb73487 wp-block-uagb-image--layout-default wp-block-uagb-image--effect-static wp-block-uagb-image--align-none\"><figure class=\"wp-block-uagb-image__figure\"><img decoding=\"async\" srcset=\"https:\/\/janireserviciosadministrativos.es\/wp-content\/uploads\/2026\/04\/pexels-photo-7580758.jpeg ,https:\/\/janireserviciosadministrativos.es\/wp-content\/uploads\/2026\/04\/pexels-photo-7580758.jpeg 780w, https:\/\/janireserviciosadministrativos.es\/wp-content\/uploads\/2026\/04\/pexels-photo-7580758.jpeg 360w\" sizes=\"auto, (max-width: 480px) 150px\" src=\"https:\/\/janireserviciosadministrativos.es\/wp-content\/uploads\/2026\/04\/pexels-photo-7580758.jpeg\" alt=\"A neatly arranged office desk with a calculator, phone, stapler, tape, and notepad.\" class=\"uag-image-90\" width=\"560\" height=\"600\" title=\"about-01\" loading=\"lazy\" role=\"img\"\/><\/figure><\/div>\n\n\n\n<div class=\"wp-block-uagb-container uagb-block-cfc0a34f\">\n<div class=\"wp-block-uagb-info-box uagb-block-36c16d4d uagb-infobox__content-wrap  uagb-infobox-icon-above-title uagb-infobox-image-valign-top wp-block-uagb-info-box--has-margin\"><div class=\"uagb-infobox-margin-wrapper\"><div class=\"uagb-ifb-content\"><div class=\"uagb-ifb-title-wrap\"><div class=\"uagb-ifb-separator\"><\/div><h2 class=\"uagb-ifb-title\">Who are we<\/h2><\/div><p class=\"uagb-ifb-desc\">Janire Administrative Services is a company with over 15 years of experience, specializing in administrative and virtual assistance services for businesses and professionals.<\/p><div class=\"uagb-ifb-button-wrapper wp-block-button\"><a href=\"\/en\/acerca-de\/\" class=\"uagb-infobox-cta-link wp-block-button__link\" target=\"_self\" rel=\"noopener noreferrer\" onclick=\"return true;\"><span class=\"uagb-inline-editing\">Read more<\/span><\/a><\/div><\/div><\/div><\/div>\n\n\n\n<div class=\"wp-block-uagb-separator uagb-block-ba4eccb7\"><div class=\"uagb-separator-spacing-wrapper\"><div class=\"wp-block-uagb-separator__inner\" style=\"--my-background-image:\"><\/div><\/div><\/div>\n<\/div>\n<\/div><\/div>\n\n\n\n<div class=\"wp-block-uagb-container uagb-block-5a7893df alignfull uagb-is-root-container\"><div class=\"uagb-container-inner-blocks-wrap\">\n<div class=\"wp-block-uagb-advanced-heading uagb-block-847f0174\"><div class=\"uagb-separator\"><\/div><h2 class=\"uagb-heading-text\">Our administrative support services<\/h2><\/div>\n\n\n\n<div class=\"wp-block-uagb-container uagb-block-883307ab\">\n<div class=\"wp-block-uagb-container uagb-layout-grid uagb-block-db0b5e62\">\n<div class=\"wp-block-uagb-container uagb-layout-grid uagb-block-67ff30b9\">\n<div class=\"wp-block-uagb-advanced-heading uagb-block-6241311c\"><h2 class=\"uagb-heading-text\">01.<\/h2><\/div>\n\n\n\n<div class=\"wp-block-uagb-advanced-heading uagb-block-505b8d31\"><h3 class=\"uagb-heading-text\">Administrative Support<\/h3><p class=\"uagb-desc-text\">Efficient administrative task management for your business.<\/p><\/div>\n\n\n\n<div class=\"wp-block-uagb-buttons uagb-buttons__outer-wrap uagb-btn__default-btn uagb-btn-tablet__default-btn uagb-btn-mobile__default-btn uagb-block-d4e81e9b\"><div class=\"uagb-buttons__wrap uagb-buttons-layout-wrap\">\n<div class=\"wp-block-uagb-buttons-child uagb-buttons__outer-wrap uagb-block-2c16c927 wp-block-button\"><div class=\"uagb-button__wrapper\"><a class=\"uagb-buttons-repeater wp-block-button__link\" aria-label=\"\" href=\"\/en\/servicios\/\" rel=\"follow noopener\" target=\"_self\" role=\"button\"><div class=\"uagb-button__link\">Read more<\/div><\/a><\/div><\/div>\n<\/div><\/div>\n<\/div>\n\n\n\n<div class=\"wp-block-uagb-image uagb-block-ec2af295 wp-block-uagb-image--layout-default wp-block-uagb-image--effect-static wp-block-uagb-image--align-none\"><figure class=\"wp-block-uagb-image__figure\"><img decoding=\"async\" srcset=\"https:\/\/janireserviciosadministrativos.es\/wp-content\/uploads\/2026\/04\/pexels-photo-17065769.jpeg ,https:\/\/janireserviciosadministrativos.es\/wp-content\/uploads\/2026\/04\/pexels-photo-17065769-1024x683.jpeg 780w, https:\/\/janireserviciosadministrativos.es\/wp-content\/uploads\/2026\/04\/pexels-photo-17065769-1024x683.jpeg 360w\" sizes=\"auto, (max-width: 480px) 150px\" src=\"https:\/\/janireserviciosadministrativos.es\/wp-content\/uploads\/2026\/04\/pexels-photo-17065769.jpeg\" alt=\"Top view of a tidy office desk with files, a calculator, and a plant, emphasizing organization.\" class=\"uag-image-91\" width=\"300\" height=\"120\" title=\"services-01\" loading=\"lazy\" role=\"img\"\/><\/figure><\/div>\n<\/div>\n\n\n\n<div class=\"wp-block-uagb-container uagb-layout-grid uagb-block-9d58695e\">\n<div class=\"wp-block-uagb-container uagb-layout-grid uagb-block-d5de9807\">\n<div class=\"wp-block-uagb-advanced-heading uagb-block-ed6841c7\"><h2 class=\"uagb-heading-text\">02.<\/h2><\/div>\n\n\n\n<div class=\"wp-block-uagb-advanced-heading uagb-block-9b4422a3\"><h3 class=\"uagb-heading-text\">Customer Service<\/h3><p class=\"uagb-desc-text\">Professional and personalized attention to your clients.<\/p><\/div>\n\n\n\n<div class=\"wp-block-uagb-buttons uagb-buttons__outer-wrap uagb-btn__default-btn uagb-btn-tablet__default-btn uagb-btn-mobile__default-btn uagb-block-bb568ac1\"><div class=\"uagb-buttons__wrap uagb-buttons-layout-wrap\">\n<div class=\"wp-block-uagb-buttons-child uagb-buttons__outer-wrap uagb-block-591505c6 wp-block-button\"><div class=\"uagb-button__wrapper\"><a class=\"uagb-buttons-repeater wp-block-button__link\" aria-label=\"\" href=\"\/en\/servicios\/\" rel=\"follow noopener\" target=\"_self\" role=\"button\"><div class=\"uagb-button__link\">Read more<\/div><\/a><\/div><\/div>\n<\/div><\/div>\n<\/div>\n\n\n\n<div class=\"wp-block-uagb-image uagb-block-d384ebff wp-block-uagb-image--layout-default wp-block-uagb-image--effect-static wp-block-uagb-image--align-none\"><figure class=\"wp-block-uagb-image__figure\"><img decoding=\"async\" srcset=\"https:\/\/janireserviciosadministrativos.es\/wp-content\/uploads\/2026\/04\/pexels-photo-7054757.jpeg ,https:\/\/janireserviciosadministrativos.es\/wp-content\/uploads\/2026\/04\/pexels-photo-7054757-1024x577.jpeg 780w, https:\/\/janireserviciosadministrativos.es\/wp-content\/uploads\/2026\/04\/pexels-photo-7054757-1024x577.jpeg 360w\" sizes=\"auto, (max-width: 480px) 150px\" src=\"https:\/\/janireserviciosadministrativos.es\/wp-content\/uploads\/2026\/04\/pexels-photo-7054757.jpeg\" alt=\"Close-up of a stack of office papers on a desk with glasses, emphasizing organization.\" class=\"uag-image-92\" width=\"300\" height=\"120\" title=\"services-02\" loading=\"lazy\" role=\"img\"\/><\/figure><\/div>\n<\/div>\n\n\n\n<div class=\"wp-block-uagb-container uagb-layout-grid uagb-block-bb505ec2\">\n<div class=\"wp-block-uagb-container uagb-layout-grid uagb-block-e327bbd3\">\n<div class=\"wp-block-uagb-advanced-heading uagb-block-3afef8a1\"><h2 class=\"uagb-heading-text\">03.<\/h2><\/div>\n\n\n\n<div class=\"wp-block-uagb-advanced-heading uagb-block-1fcf3dac\"><h3 class=\"uagb-heading-text\">Billing Management<\/h3><p class=\"uagb-desc-text\">We simplify the billing process for you.<\/p><\/div>\n\n\n\n<div class=\"wp-block-uagb-buttons uagb-buttons__outer-wrap uagb-btn__default-btn uagb-btn-tablet__default-btn uagb-btn-mobile__default-btn uagb-block-61cabc2b\"><div class=\"uagb-buttons__wrap uagb-buttons-layout-wrap\">\n<div class=\"wp-block-uagb-buttons-child uagb-buttons__outer-wrap uagb-block-416130fd wp-block-button\"><div class=\"uagb-button__wrapper\"><a class=\"uagb-buttons-repeater wp-block-button__link\" aria-label=\"\" href=\"\/en\/servicios\/\" rel=\"follow noopener\" target=\"_self\" role=\"button\"><div class=\"uagb-button__link\">Read more<\/div><\/a><\/div><\/div>\n<\/div><\/div>\n<\/div>\n\n\n\n<div class=\"wp-block-uagb-image uagb-block-5c622f42 wp-block-uagb-image--layout-default wp-block-uagb-image--effect-static wp-block-uagb-image--align-none\"><figure class=\"wp-block-uagb-image__figure\"><img decoding=\"async\" srcset=\"https:\/\/janireserviciosadministrativos.es\/wp-content\/uploads\/2026\/04\/pexels-photo-8867217.jpeg ,https:\/\/janireserviciosadministrativos.es\/wp-content\/uploads\/2026\/04\/pexels-photo-8867217-683x1024.jpeg 780w, https:\/\/janireserviciosadministrativos.es\/wp-content\/uploads\/2026\/04\/pexels-photo-8867217-683x1024.jpeg 360w\" sizes=\"auto, (max-width: 480px) 150px\" src=\"https:\/\/janireserviciosadministrativos.es\/wp-content\/uploads\/2026\/04\/pexels-photo-8867217.jpeg\" alt=\"Clean and organized workspace featuring a computer monitor with headset in a modern office setting.\" class=\"uag-image-93\" width=\"300\" height=\"120\" title=\"services-03\" loading=\"lazy\" role=\"img\"\/><\/figure><\/div>\n<\/div>\n<\/div>\n<\/div><\/div>\n\n\n\n<div class=\"wp-block-uagb-container uagb-block-a3de1bef alignfull uagb-is-root-container\"><div class=\"uagb-container-inner-blocks-wrap\">\n<div class=\"wp-block-uagb-advanced-heading uagb-block-ef2e06bd\"><div class=\"uagb-separator\"><\/div><h2 class=\"uagb-heading-text\">Delegating tasks has never been this easy<\/h2><\/div>\n\n\n\n<div class=\"wp-block-uagb-info-box uagb-block-390b79a7 uagb-infobox__content-wrap  uagb-infobox-icon-above-title uagb-infobox-image-valign-top wp-block-uagb-info-box--has-margin\"><div class=\"uagb-infobox-margin-wrapper\"><div class=\"uagb-ifb-content\"><div class=\"uagb-ifb-title-wrap\"><\/div><p class=\"uagb-ifb-desc\">Discover how our services can transform your routine and help you focus on what truly matters.<\/p><div class=\"uagb-ifb-button-wrapper uagb-ifb-button-type-text wp-block-button\"><a href=\"\/en\/contacto\/\" target=\"_self\" onclick=\"return true;\" class=\"uagb-infobox-cta-link wp-block-button__link\" rel=\"noopener noreferrer\"><span class=\"uagb-inline-editing\">Contact us at<\/span><\/a><\/div><\/div><\/div><\/div>\n<\/div><\/div>\n\n\n\n<div class=\"wp-block-uagb-container uagb-layout-grid uagb-block-5001986f alignfull uagb-is-root-container\"><div class=\"uagb-container-inner-blocks-wrap\">\n<div class=\"wp-block-uagb-container uagb-block-2c337278\">\n<div class=\"wp-block-uagb-advanced-heading uagb-block-61c0cd7e\"><div class=\"uagb-separator\"><\/div><h2 class=\"uagb-heading-text\">Why choose us?<\/h2><\/div>\n\n\n\n<div class=\"wp-block-uagb-container uagb-layout-grid uagb-block-7a9a21bc\">\n<div class=\"wp-block-uagb-advanced-heading uagb-block-e6d24376\"><p class=\"uagb-heading-text\">Guaranteed Experience<\/p><\/div>\n\n\n\n<div class=\"wp-block-uagb-advanced-heading uagb-block-81a96aae\"><p class=\"uagb-desc-text\">Over 15 years in the administrative sector, guaranteeing efficient and professional service tailored to your needs.<\/p><\/div>\n<\/div>\n\n\n\n<div class=\"wp-block-uagb-container uagb-layout-grid uagb-block-74b4daee\">\n<div class=\"wp-block-uagb-advanced-heading uagb-block-0a8b3bc1\"><p class=\"uagb-heading-text\">Custom Solutions<\/p><\/div>\n\n\n\n<div class=\"wp-block-uagb-advanced-heading uagb-block-eb243354\"><p class=\"uagb-desc-text\">We offer a tailored approach, adapting to the specific demands of each client, improving efficiency and organization.<\/p><\/div>\n<\/div>\n\n\n\n<div class=\"wp-block-uagb-container uagb-layout-grid uagb-block-0b3a2e2c\">\n<div class=\"wp-block-uagb-advanced-heading uagb-block-eee8f105\"><p class=\"uagb-heading-text\">Save Time<\/p><\/div>\n\n\n\n<div class=\"wp-block-uagb-advanced-heading uagb-block-ad3e101e\"><p class=\"uagb-desc-text\">With our help, you can dedicate more time to growing your business while we take care of the administrative tasks.<\/p><\/div>\n<\/div>\n<\/div>\n\n\n\n<div class=\"wp-block-uagb-image uagb-block-1927478c wp-block-uagb-image--layout-default wp-block-uagb-image--effect-static wp-block-uagb-image--align-none\"><figure class=\"wp-block-uagb-image__figure\"><img decoding=\"async\" srcset=\"https:\/\/janireserviciosadministrativos.es\/wp-content\/uploads\/2026\/04\/pexels-photo-7888676.jpeg ,https:\/\/janireserviciosadministrativos.es\/wp-content\/uploads\/2026\/04\/pexels-photo-7888676.jpeg 780w, https:\/\/janireserviciosadministrativos.es\/wp-content\/uploads\/2026\/04\/pexels-photo-7888676.jpeg 360w\" sizes=\"auto, (max-width: 480px) 150px\" src=\"https:\/\/janireserviciosadministrativos.es\/wp-content\/uploads\/2026\/04\/pexels-photo-7888676.jpeg\" alt=\"Close-up of an employee sorting documents with sticky notes and pens on a wooden desk.\" class=\"uag-image-95\" width=\"500\" height=\"500\" title=\"Why Choose Us\" loading=\"lazy\" role=\"img\"\/><\/figure><\/div>\n<\/div><\/div>","protected":false},"excerpt":{"rendered":"<p>Optimiza tu tiempo con asistencia virtual Conoce m\u00e1s sobre nuestra misi\u00f3n y visi\u00f3n. Nuestros servicios de asistencia administrativa 01. Soporte [&hellip;]<\/p>\n","protected":false},"author":1,"featured_media":0,"parent":0,"menu_order":0,"comment_status":"closed","ping_status":"closed","template":"","meta":{"_uag_custom_page_level_css":"","site-sidebar-layout":"default","site-content-layout":"","ast-site-content-layout":"default","site-content-style":"default","site-sidebar-style":"default","ast-global-header-display":"","ast-banner-title-visibility":"","ast-main-header-display":"","ast-hfb-above-header-display":"","ast-hfb-below-header-display":"","ast-hfb-mobile-header-display":"","site-post-title":"disabled","ast-breadcrumbs-content":"","ast-featured-img":"","footer-sml-layout":"","ast-disable-related-posts":"","theme-transparent-header-meta":"","adv-header-id-meta":"","stick-header-meta":"","header-above-stick-meta":"","header-main-stick-meta":"","header-below-stick-meta":"","astra-migrate-meta-layouts":"default","ast-page-background-enabled":"default","ast-page-background-meta":{"desktop":{"background-color":"var(--ast-global-color-4)","background-image":"","background-repeat":"repeat","background-position":"center center","background-size":"auto","background-attachment":"scroll","background-type":"","background-media":"","overlay-type":"","overlay-color":"","overlay-opacity":"","overlay-gradient":""},"tablet":{"background-color":"","background-image":"","background-repeat":"repeat","background-position":"center center","background-size":"auto","background-attachment":"scroll","background-type":"","background-media":"","overlay-type":"","overlay-color":"","overlay-opacity":"","overlay-gradient":""},"mobile":{"background-color":"","background-image":"","background-repeat":"repeat","background-position":"center center","background-size":"auto","background-attachment":"scroll","background-type":"","background-media":"","overlay-type":"","overlay-color":"","overlay-opacity":"","overlay-gradient":""}},"ast-content-background-meta":{"desktop":{"background-color":"var(--ast-global-color-5)","background-image":"","background-repeat":"repeat","background-position":"center center","background-size":"auto","background-attachment":"scroll","background-type":"","background-media":"","overlay-type":"","overlay-color":"","overlay-opacity":"","overlay-gradient":""},"tablet":{"background-color":"var(--ast-global-color-5)","background-image":"","background-repeat":"repeat","background-position":"center center","background-size":"auto","background-attachment":"scroll","background-type":"","background-media":"","overlay-type":"","overlay-color":"","overlay-opacity":"","overlay-gradient":""},"mobile":{"background-color":"var(--ast-global-color-5)","background-image":"","background-repeat":"repeat","background-position":"center center","background-size":"auto","background-attachment":"scroll","background-type":"","background-media":"","overlay-type":"","overlay-color":"","overlay-opacity":"","overlay-gradient":""}},"footnotes":""},"class_list":["post-296","page","type-page","status-publish","hentry"],"uagb_featured_image_src":{"full":false,"thumbnail":false,"medium":false,"medium_large":false,"large":false,"1536x1536":false,"2048x2048":false,"trp-custom-language-flag":false},"uagb_author_info":{"display_name":"admin","author_link":"https:\/\/janireserviciosadministrativos.es\/en\/author\/admin\/"},"uagb_comment_info":0,"uagb_excerpt":"Optimiza tu tiempo con asistencia virtual Conoce m\u00e1s sobre nuestra misi\u00f3n y visi\u00f3n. Nuestros servicios de asistencia administrativa 01. Soporte [&hellip;]","_links":{"self":[{"href":"https:\/\/janireserviciosadministrativos.es\/en\/wp-json\/wp\/v2\/pages\/296","targetHints":{"allow":["GET"]}}],"collection":[{"href":"https:\/\/janireserviciosadministrativos.es\/en\/wp-json\/wp\/v2\/pages"}],"about":[{"href":"https:\/\/janireserviciosadministrativos.es\/en\/wp-json\/wp\/v2\/types\/page"}],"author":[{"embeddable":true,"href":"https:\/\/janireserviciosadministrativos.es\/en\/wp-json\/wp\/v2\/users\/1"}],"replies":[{"embeddable":true,"href":"https:\/\/janireserviciosadministrativos.es\/en\/wp-json\/wp\/v2\/comments?post=296"}],"version-history":[{"count":12,"href":"https:\/\/janireserviciosadministrativos.es\/en\/wp-json\/wp\/v2\/pages\/296\/revisions"}],"predecessor-version":[{"id":614,"href":"https:\/\/janireserviciosadministrativos.es\/en\/wp-json\/wp\/v2\/pages\/296\/revisions\/614"}],"wp:attachment":[{"href":"https:\/\/janireserviciosadministrativos.es\/en\/wp-json\/wp\/v2\/media?parent=296"}],"curies":[{"name":"wp","href":"https:\/\/api.w.org\/{rel}","templated":true}]}}